{"id":21207,"date":"2023-06-23T11:21:45","date_gmt":"2023-06-23T09:21:46","guid":{"rendered":"https:\/\/morica.brugnottogroup.it\/?post_type=product&#038;p=21207"},"modified":"2024-09-27T11:14:07","modified_gmt":"2024-09-27T09:14:07","slug":"kit-echantillons-poudre-boucle","status":"publish","type":"product","link":"https:\/\/morica.brugnottogroup.it\/fr\/produit\/kit-echantillons-poudre-boucle\/","title":{"rendered":"\u00c9chantillon tissu laine boucl\u00e9 Cipria"},"content":{"rendered":"<p>Kit \u00e9chantillons laine boucl\u00e9e Cipria<\/p>\n","protected":false},"excerpt":{"rendered":"<p>Kit \u00e9chantillons laine boucl\u00e9e Cipria<\/p>\n","protected":false},"featured_media":21210,"template":"","meta":[],"product_cat":[122],"product_tag":[],"yoast_head":"<!-- This site is optimized with the Yoast SEO plugin v17.9 - https:\/\/yoast.com\/wordpress\/plugins\/seo\/ -->\n<title>\u00c9chantillon tissu laine boucl\u00e9 Cipria - Morica Design by Brugnotto Group<\/title>\n<meta name=\"description\" content=\"Kit \u00e9chantillons laine boucl\u00e9e Cipria\" \/>\n<meta name=\"robots\" content=\"index, follow, max-snippet:-1, max-image-preview:large, max-video-preview:-1\" \/>\n<link rel=\"canonical\" href=\"https:\/\/morica.brugnottogroup.it\/fr\/produit\/kit-echantillons-poudre-boucle\/\" \/>\n<meta property=\"og:locale\" content=\"fr_FR\" \/>\n<meta property=\"og:type\" content=\"article\" \/>\n<meta property=\"og:title\" content=\"\u00c9chantillon tissu laine boucl\u00e9 Cipria - Morica Design by Brugnotto Group\" \/>\n<meta property=\"og:description\" content=\"Kit \u00e9chantillons laine boucl\u00e9e Cipria\" \/>\n<meta property=\"og:url\" content=\"https:\/\/morica.brugnottogroup.it\/fr\/produit\/kit-echantillons-poudre-boucle\/\" \/>\n<meta property=\"og:site_name\" content=\"Morica Design by Brugnotto Group\" \/>\n<meta property=\"article:modified_time\" content=\"2024-09-27T09:14:07+00:00\" \/>\n<meta property=\"og:image\" content=\"https:\/\/morica.brugnottogroup.it\/wp-content\/uploads\/2023\/06\/CMP-B01_1240X800-scaled.jpg\" \/>\n\t<meta property=\"og:image:width\" content=\"2560\" \/>\n\t<meta property=\"og:image:height\" content=\"1652\" \/>\n\t<meta property=\"og:image:type\" content=\"image\/jpeg\" \/>\n<meta name=\"twitter:card\" content=\"summary_large_image\" \/>\n<script type=\"application\/ld+json\" class=\"yoast-schema-graph\">{\"@context\":\"https:\/\/schema.org\",\"@graph\":[{\"@type\":\"WebSite\",\"@id\":\"https:\/\/morica.brugnottogroup.it\/#website\",\"url\":\"https:\/\/morica.brugnottogroup.it\/\",\"name\":\"Morica Design by Brugnotto Group\",\"description\":\"\",\"potentialAction\":[{\"@type\":\"SearchAction\",\"target\":{\"@type\":\"EntryPoint\",\"urlTemplate\":\"https:\/\/morica.brugnottogroup.it\/?s={search_term_string}\"},\"query-input\":\"required name=search_term_string\"}],\"inLanguage\":\"fr-FR\"},{\"@type\":\"ImageObject\",\"@id\":\"https:\/\/morica.brugnottogroup.it\/fr\/produit\/kit-echantillons-poudre-boucle\/#primaryimage\",\"inLanguage\":\"fr-FR\",\"url\":\"https:\/\/morica.brugnottogroup.it\/wp-content\/uploads\/2023\/06\/CMP-B01_1240X800-scaled.jpg\",\"contentUrl\":\"https:\/\/morica.brugnottogroup.it\/wp-content\/uploads\/2023\/06\/CMP-B01_1240X800-scaled.jpg\",\"width\":2560,\"height\":1652,\"caption\":\"Kit campione tessuto lana boucl\\u00e9 color cipria\"},{\"@type\":\"WebPage\",\"@id\":\"https:\/\/morica.brugnottogroup.it\/fr\/produit\/kit-echantillons-poudre-boucle\/#webpage\",\"url\":\"https:\/\/morica.brugnottogroup.it\/fr\/produit\/kit-echantillons-poudre-boucle\/\",\"name\":\"\\u00c9chantillon tissu laine boucl\\u00e9 Cipria - Morica Design by Brugnotto Group\",\"isPartOf\":{\"@id\":\"https:\/\/morica.brugnottogroup.it\/#website\"},\"primaryImageOfPage\":{\"@id\":\"https:\/\/morica.brugnottogroup.it\/fr\/produit\/kit-echantillons-poudre-boucle\/#primaryimage\"},\"datePublished\":\"2023-06-23T09:21:46+00:00\",\"dateModified\":\"2024-09-27T09:14:07+00:00\",\"description\":\"Kit \\u00e9chantillons laine boucl\\u00e9e Cipria\",\"breadcrumb\":{\"@id\":\"https:\/\/morica.brugnottogroup.it\/fr\/produit\/kit-echantillons-poudre-boucle\/#breadcrumb\"},\"inLanguage\":\"fr-FR\",\"potentialAction\":[{\"@type\":\"ReadAction\",\"target\":[\"https:\/\/morica.brugnottogroup.it\/fr\/produit\/kit-echantillons-poudre-boucle\/\"]}]},{\"@type\":\"BreadcrumbList\",\"@id\":\"https:\/\/morica.brugnottogroup.it\/fr\/produit\/kit-echantillons-poudre-boucle\/#breadcrumb\",\"itemListElement\":[{\"@type\":\"ListItem\",\"position\":1,\"name\":\"Home\",\"item\":\"https:\/\/morica.brugnottogroup.it\/fr\/\"},{\"@type\":\"ListItem\",\"position\":2,\"name\":\"Shop\",\"item\":\"https:\/\/morica.brugnottogroup.it\/fr\/negozio\/\"},{\"@type\":\"ListItem\",\"position\":3,\"name\":\"\\u00c9chantillon tissu laine boucl\\u00e9 Cipria\"}]}]}<\/script>\n<!-- \/ Yoast SEO plugin. -->","yoast_head_json":{"title":"\u00c9chantillon tissu laine boucl\u00e9 Cipria - Morica Design by Brugnotto Group","description":"Kit \u00e9chantillons laine boucl\u00e9e Cipria","robots":{"index":"index","follow":"follow","max-snippet":"max-snippet:-1","max-image-preview":"max-image-preview:large","max-video-preview":"max-video-preview:-1"},"canonical":"https:\/\/morica.brugnottogroup.it\/fr\/produit\/kit-echantillons-poudre-boucle\/","og_locale":"fr_FR","og_type":"article","og_title":"\u00c9chantillon tissu laine boucl\u00e9 Cipria - Morica Design by Brugnotto Group","og_description":"Kit \u00e9chantillons laine boucl\u00e9e Cipria","og_url":"https:\/\/morica.brugnottogroup.it\/fr\/produit\/kit-echantillons-poudre-boucle\/","og_site_name":"Morica Design by Brugnotto Group","article_modified_time":"2024-09-27T09:14:07+00:00","og_image":[{"width":2560,"height":1652,"url":"https:\/\/morica.brugnottogroup.it\/wp-content\/uploads\/2023\/06\/CMP-B01_1240X800-scaled.jpg","type":"image\/jpeg"}],"twitter_card":"summary_large_image","schema":{"@context":"https:\/\/schema.org","@graph":[{"@type":"WebSite","@id":"https:\/\/morica.brugnottogroup.it\/#website","url":"https:\/\/morica.brugnottogroup.it\/","name":"Morica Design by Brugnotto Group","description":"","potentialAction":[{"@type":"SearchAction","target":{"@type":"EntryPoint","urlTemplate":"https:\/\/morica.brugnottogroup.it\/?s={search_term_string}"},"query-input":"required name=search_term_string"}],"inLanguage":"fr-FR"},{"@type":"ImageObject","@id":"https:\/\/morica.brugnottogroup.it\/fr\/produit\/kit-echantillons-poudre-boucle\/#primaryimage","inLanguage":"fr-FR","url":"https:\/\/morica.brugnottogroup.it\/wp-content\/uploads\/2023\/06\/CMP-B01_1240X800-scaled.jpg","contentUrl":"https:\/\/morica.brugnottogroup.it\/wp-content\/uploads\/2023\/06\/CMP-B01_1240X800-scaled.jpg","width":2560,"height":1652,"caption":"Kit campione tessuto lana boucl\u00e9 color cipria"},{"@type":"WebPage","@id":"https:\/\/morica.brugnottogroup.it\/fr\/produit\/kit-echantillons-poudre-boucle\/#webpage","url":"https:\/\/morica.brugnottogroup.it\/fr\/produit\/kit-echantillons-poudre-boucle\/","name":"\u00c9chantillon tissu laine boucl\u00e9 Cipria - Morica Design by Brugnotto Group","isPartOf":{"@id":"https:\/\/morica.brugnottogroup.it\/#website"},"primaryImageOfPage":{"@id":"https:\/\/morica.brugnottogroup.it\/fr\/produit\/kit-echantillons-poudre-boucle\/#primaryimage"},"datePublished":"2023-06-23T09:21:46+00:00","dateModified":"2024-09-27T09:14:07+00:00","description":"Kit \u00e9chantillons laine boucl\u00e9e Cipria","breadcrumb":{"@id":"https:\/\/morica.brugnottogroup.it\/fr\/produit\/kit-echantillons-poudre-boucle\/#breadcrumb"},"inLanguage":"fr-FR","potentialAction":[{"@type":"ReadAction","target":["https:\/\/morica.brugnottogroup.it\/fr\/produit\/kit-echantillons-poudre-boucle\/"]}]},{"@type":"BreadcrumbList","@id":"https:\/\/morica.brugnottogroup.it\/fr\/produit\/kit-echantillons-poudre-boucle\/#breadcrumb","itemListElement":[{"@type":"ListItem","position":1,"name":"Home","item":"https:\/\/morica.brugnottogroup.it\/fr\/"},{"@type":"ListItem","position":2,"name":"Shop","item":"https:\/\/morica.brugnottogroup.it\/fr\/negozio\/"},{"@type":"ListItem","position":3,"name":"\u00c9chantillon tissu laine boucl\u00e9 Cipria"}]}]}},"_links":{"self":[{"href":"https:\/\/morica.brugnottogroup.it\/fr\/wp-json\/wp\/v2\/product\/21207"}],"collection":[{"href":"https:\/\/morica.brugnottogroup.it\/fr\/wp-json\/wp\/v2\/product"}],"about":[{"href":"https:\/\/morica.brugnottogroup.it\/fr\/wp-json\/wp\/v2\/types\/product"}],"version-history":[{"count":6,"href":"https:\/\/morica.brugnottogroup.it\/fr\/wp-json\/wp\/v2\/product\/21207\/revisions"}],"predecessor-version":[{"id":31824,"href":"https:\/\/morica.brugnottogroup.it\/fr\/wp-json\/wp\/v2\/product\/21207\/revisions\/31824"}],"wp:featuredmedia":[{"embeddable":true,"href":"https:\/\/morica.brugnottogroup.it\/fr\/wp-json\/wp\/v2\/media\/21210"}],"wp:attachment":[{"href":"https:\/\/morica.brugnottogroup.it\/fr\/wp-json\/wp\/v2\/media?parent=21207"}],"wp:term":[{"taxonomy":"product_cat","embeddable":true,"href":"https:\/\/morica.brugnottogroup.it\/fr\/wp-json\/wp\/v2\/product_cat?post=21207"},{"taxonomy":"product_tag","embeddable":true,"href":"https:\/\/morica.brugnottogroup.it\/fr\/wp-json\/wp\/v2\/product_tag?post=21207"}],"curies":[{"name":"wp","href":"https:\/\/api.w.org\/{rel}","templated":true}]}}