{"id":33560,"date":"2024-09-23T17:06:40","date_gmt":"2024-09-23T15:06:40","guid":{"rendered":"https:\/\/morica.brugnottogroup.it\/dealers\/"},"modified":"2024-11-04T10:21:21","modified_gmt":"2024-11-04T09:21:21","slug":"dealers","status":"publish","type":"page","link":"https:\/\/morica.brugnottogroup.it\/fr\/dealers\/","title":{"rendered":"Dealers"},"content":{"rendered":"\t\t<div data-elementor-type=\"wp-page\" data-elementor-id=\"33560\" class=\"elementor elementor-33560 elementor-31307\" data-elementor-settings=\"[]\">\n\t\t\t\t\t\t<div class=\"elementor-inner\">\n\t\t\t\t\t\t\t<div class=\"elementor-section-wrap\">\n\t\t\t\t\t\t\t<section class=\"elementor-section elementor-top-section elementor-element elementor-element-90c1360 elementor-section-boxed elementor-section-height-default elementor-section-height-default\" data-id=\"90c1360\" data-element_type=\"section\" data-settings=\"{&quot;background_background&quot;:&quot;classic&quot;,&quot;_ha_eqh_enable&quot;:false}\">\n\t\t\t\t\t\t\t<div class=\"elementor-background-overlay\"><\/div>\n\t\t\t\t\t\t\t<div class=\"elementor-container elementor-column-gap-default\">\n\t\t\t\t\t\t\t<div class=\"elementor-row\">\n\t\t\t\t\t<div class=\"elementor-column elementor-col-100 elementor-top-column elementor-element elementor-element-09ef2d9\" data-id=\"09ef2d9\" data-element_type=\"column\">\n\t\t\t<div class=\"elementor-column-wrap elementor-element-populated\">\n\t\t\t\t\t\t\t<div class=\"elementor-widget-wrap\">\n\t\t\t\t\t\t<div class=\"elementor-element elementor-element-addb8e6 elementor-hidden-desktop elementor-hidden-tablet elementor-hidden-phone elementor-widget elementor-widget-text-editor\" data-id=\"addb8e6\" data-element_type=\"widget\" data-widget_type=\"text-editor.default\">\n\t\t\t\t<div class=\"elementor-widget-container\">\n\t\t\t\t\t\t\t\t<div class=\"elementor-text-editor elementor-clearfix\">\n\t\t\t\t\t<p>STORE LOCATOR<\/p>\t\t\t\t\t<\/div>\n\t\t\t\t\t\t<\/div>\n\t\t\t\t<\/div>\n\t\t\t\t<div class=\"elementor-element elementor-element-a5484a0 elementor-widget elementor-widget-heading\" data-id=\"a5484a0\" data-element_type=\"widget\" data-widget_type=\"heading.default\">\n\t\t\t\t<div class=\"elementor-widget-container\">\n\t\t\t<h1 class=\"elementor-heading-title elementor-size-default\">Dealers<\/h1>\t\t<\/div>\n\t\t\t\t<\/div>\n\t\t\t\t\t\t<\/div>\n\t\t\t\t\t<\/div>\n\t\t<\/div>\n\t\t\t\t\t\t\t\t<\/div>\n\t\t\t\t\t<\/div>\n\t\t<\/section>\n\t\t\t\t<section class=\"elementor-section elementor-top-section elementor-element elementor-element-ca02614 elementor-section-boxed elementor-section-height-default elementor-section-height-default\" data-id=\"ca02614\" data-element_type=\"section\" data-settings=\"{&quot;_ha_eqh_enable&quot;:false}\">\n\t\t\t\t\t\t<div class=\"elementor-container elementor-column-gap-default\">\n\t\t\t\t\t\t\t<div class=\"elementor-row\">\n\t\t\t\t\t<div class=\"elementor-column elementor-col-50 elementor-top-column elementor-element elementor-element-6072702\" data-id=\"6072702\" data-element_type=\"column\">\n\t\t\t<div class=\"elementor-column-wrap elementor-element-populated\">\n\t\t\t\t\t\t\t<div class=\"elementor-widget-wrap\">\n\t\t\t\t\t\t<div class=\"elementor-element elementor-element-f6a204b elementor-widget elementor-widget-text-editor\" data-id=\"f6a204b\" data-element_type=\"widget\" data-widget_type=\"text-editor.default\">\n\t\t\t\t<div class=\"elementor-widget-container\">\n\t\t\t\t\t\t\t\t<div class=\"elementor-text-editor elementor-clearfix\">\n\t\t\t\t\t<p>D\u00e9couvrez le r\u00e9seau de concessionnaires agr\u00e9\u00e9s Morica Design dans le monde entier et trouvez celui le plus<br \/>proche de chez vous.<\/p>\t\t\t\t\t<\/div>\n\t\t\t\t\t\t<\/div>\n\t\t\t\t<\/div>\n\t\t\t\t<div class=\"elementor-element elementor-element-2e9c4ee elementor-widget elementor-widget-text-editor\" data-id=\"2e9c4ee\" data-element_type=\"widget\" data-widget_type=\"text-editor.default\">\n\t\t\t\t<div class=\"elementor-widget-container\">\n\t\t\t\t\t\t\t\t<div class=\"elementor-text-editor elementor-clearfix\">\n\t\t\t\t\t<p>Si vous ne trouvez pas de showroom dans votre r\u00e9gion, contactez-nous \u00e0 <strong><span style=\"text-decoration: underline;\"><a href=\"mailto:sales@moricadesign.it\" target=\"_blank\" rel=\"noopener\">sales@moricadesign.it<\/a><\/span> <\/strong> pour<br \/>recevoir une assistance dedi\u00e9e.<\/p>\t\t\t\t\t<\/div>\n\t\t\t\t\t\t<\/div>\n\t\t\t\t<\/div>\n\t\t\t\t\t\t<\/div>\n\t\t\t\t\t<\/div>\n\t\t<\/div>\n\t\t\t\t<div class=\"elementor-column elementor-col-50 elementor-top-column elementor-element elementor-element-c33f3aa\" data-id=\"c33f3aa\" data-element_type=\"column\">\n\t\t\t<div class=\"elementor-column-wrap\">\n\t\t\t\t\t\t\t<div class=\"elementor-widget-wrap\">\n\t\t\t\t\t\t\t\t<\/div>\n\t\t\t\t\t<\/div>\n\t\t<\/div>\n\t\t\t\t\t\t\t\t<\/div>\n\t\t\t\t\t<\/div>\n\t\t<\/section>\n\t\t\t\t<section class=\"elementor-section elementor-top-section elementor-element elementor-element-8b51327 sfondo-mobile elementor-section-boxed elementor-section-height-default elementor-section-height-default\" data-id=\"8b51327\" data-element_type=\"section\" data-settings=\"{&quot;background_background&quot;:&quot;gradient&quot;,&quot;_ha_eqh_enable&quot;:false}\">\n\t\t\t\t\t\t<div class=\"elementor-container elementor-column-gap-default\">\n\t\t\t\t\t\t\t<div class=\"elementor-row\">\n\t\t\t\t\t<div class=\"elementor-column elementor-col-100 elementor-top-column elementor-element elementor-element-245e9ee\" data-id=\"245e9ee\" data-element_type=\"column\">\n\t\t\t<div class=\"elementor-column-wrap elementor-element-populated\">\n\t\t\t\t\t\t\t<div class=\"elementor-widget-wrap\">\n\t\t\t\t\t\t<div class=\"elementor-element elementor-element-0971424 elementor-widget elementor-widget-shortcode\" data-id=\"0971424\" data-element_type=\"widget\" data-widget_type=\"shortcode.default\">\n\t\t\t\t<div class=\"elementor-widget-container\">\n\t\t\t\t\t<div class=\"elementor-shortcode\">        <div id=\"store_locator\" class=\"store-locator-container-fluid store_locator modal-body \"  data-hide-stores-on-first-view=\"no\">            <div class=\"store-locator-row\">                        <div id=\"store_locator_sidebar\" class=\"store_locator_sidebar store-locator-col-12 store-locator-col-sm-12 store-locator-col-md-3 store-locator-order-first\">            <div id=\"store_locator_sidebar_content\" class=\"store_locator_sidebar_content store-locator-row\">                    <div id=\"store_locator_search_box\" class=\"store_locator_search_box store-locator-col-12 store-locator-col-sm-12 \">            <div class=\"store-locator-row\">            <div class=\"store-locator-col-12 store-locator-col-sm-12 store-locator-col-md-12 wordpress-store-locator-block-address_field\">        <div class=\"wordpress-store-locator-address-container\">            <div class=\"store-locator-row\">                <div class=\"store-locator-col-12 store-locator-col-sm-12\">                                        <h5 class=\"wordpress-store-locator-address-title\">Adresse<\/h5>                                        <input id=\"store_locator_address_field\" class=\"store_locator_address_field\" type=\"text\" name=\"location\" placeholder=\"Entrez votre adresse\" value=\"\">                            <a href=\"#\" id=\"store_locator_get_my_position\" class=\"store_locator_text_actions\"><i class=\"fa fa-crosshairs\"><\/i> Obtenir ma position<\/a>                 <a href=\"#\" id=\"store_locator_get_all_stores\" class=\"store_locator_text_actions\"><i class=\"fa fa-globe\"><\/i> Tout afficher<\/a>                        <\/div>            <\/div>        <\/div>        <\/div><div class=\"store-locator-col-12 store-locator-col-sm-12 store-locator-col-md-12 wordpress-store-locator-block-search_button\">        <div class=\"wordpress-store-locator-search-container\">            <div class=\"store-locator-row\">                <div class=\"store-locator-col-12 store-locator-col-sm-12\">                    <button id=\"store_locator_find_stores_button\" type=\"button\" class=\"store_locator_find_stores_button btn button et_pb_button btn-primary btn-lg\">                        Pr\u00e8s                    <\/button>                <\/div>            <\/div>        <\/div>        <\/div>            <\/div>        <\/div>                <div id=\"store_locator_result_list_box\" class=\"store_locator_result_list_box store-locator-col-12 store-locator-col-sm-12\">            <hr class=\"grey\">                            <div id=\"store_locator_result_open_close\" class=\"store_locator_result_open_close\">                    <h3 class=\"store_locator_result_list_title\">Risultati<\/h3>                    <i class=\"fas fa-chevron-up text-right\"><\/i>                <\/div>                                    <div id=\"store_locator_result_list\" class=\"store-locator-row\" style=\"display: flex;\">                            <\/div>        <\/div>                    <\/div>        <\/div>                <div id=\"store_locator_main\" class=\"store_locator_main  store-locator-col-12 store-locator-col-sm-12 store-locator-col-md-9\">            <div id=\"store_locator_map\" style=\"height: 100%;\"><\/div>            <div id=\"store_locator_dragged_button\" class=\"btn button et_pb_button button-primary theme-button store_locator_dragged_button\">                Rechercher dans cette zone            <\/div>        <\/div>                    <\/div>            <button type=\"button\" id=\"store_modal_close\" class=\"store_modal_close\" data-dismiss=\"modal\" aria-label=\"Close\"><span aria-hidden=\"true\">&times;<\/span><\/button>            <div id=\"store_locator_loading\" class=\"store_locator_loading store_locator_hidden\"><i class=\"fas fa-spinner fa-spin fa-3x\"><\/i><\/div>        <\/div>    <\/div>\n\t\t\t\t<\/div>\n\t\t\t\t<\/div>\n\t\t\t\t\t\t<\/div>\n\t\t\t\t\t<\/div>\n\t\t<\/div>\n\t\t\t\t\t\t\t\t<\/div>\n\t\t\t\t\t<\/div>\n\t\t<\/section>\n\t\t\t\t\t\t<\/div>\n\t\t\t\t\t\t<\/div>\n\t\t\t\t\t<\/div>\n\t\t","protected":false},"excerpt":{"rendered":"<p>STORE LOCATOR Dealers D\u00e9couvrez le r\u00e9seau de concessionnaires agr\u00e9\u00e9s Morica Design dans le monde entier et trouvez celui le plusproche de chez vous. Si vous ne trouvez pas de showroom dans votre r\u00e9gion, contactez-nous \u00e0 sales@moricadesign.it pourrecevoir une assistance dedi\u00e9e.<\/p>\n","protected":false},"author":2,"featured_media":0,"parent":0,"menu_order":0,"comment_status":"closed","ping_status":"closed","template":"elementor_header_footer","meta":[],"yoast_head":"<!-- This site is optimized with the Yoast SEO plugin v17.9 - https:\/\/yoast.com\/wordpress\/plugins\/seo\/ -->\n<title>Dealers - Morica Design by Brugnotto Group<\/title>\n<meta name=\"description\" content=\"STORE LOCATOR Dealers D\u00e9couvrez le r\u00e9seau de concessionnaires agr\u00e9\u00e9s Morica Design dans le monde entier et trouvez celui le plusproche de chez vous.Si\" \/>\n<meta name=\"robots\" content=\"index, follow, max-snippet:-1, max-image-preview:large, max-video-preview:-1\" \/>\n<link rel=\"canonical\" href=\"https:\/\/morica.brugnottogroup.it\/fr\/dealers\/\" \/>\n<meta property=\"og:locale\" content=\"fr_FR\" \/>\n<meta property=\"og:type\" content=\"article\" \/>\n<meta property=\"og:title\" content=\"Dealers - Morica Design by Brugnotto Group\" \/>\n<meta property=\"og:description\" content=\"STORE LOCATOR Dealers D\u00e9couvrez le r\u00e9seau de concessionnaires agr\u00e9\u00e9s Morica Design dans le monde entier et trouvez celui le plusproche de chez vous.Si\" \/>\n<meta property=\"og:url\" content=\"https:\/\/morica.brugnottogroup.it\/fr\/dealers\/\" \/>\n<meta property=\"og:site_name\" content=\"Morica Design by Brugnotto Group\" \/>\n<meta property=\"article:modified_time\" content=\"2024-11-04T09:21:21+00:00\" \/>\n<meta name=\"twitter:card\" content=\"summary_large_image\" \/>\n<script type=\"application\/ld+json\" class=\"yoast-schema-graph\">{\"@context\":\"https:\/\/schema.org\",\"@graph\":[{\"@type\":\"WebSite\",\"@id\":\"https:\/\/morica.brugnottogroup.it\/#website\",\"url\":\"https:\/\/morica.brugnottogroup.it\/\",\"name\":\"Morica Design by Brugnotto Group\",\"description\":\"\",\"potentialAction\":[{\"@type\":\"SearchAction\",\"target\":{\"@type\":\"EntryPoint\",\"urlTemplate\":\"https:\/\/morica.brugnottogroup.it\/?s={search_term_string}\"},\"query-input\":\"required name=search_term_string\"}],\"inLanguage\":\"fr-FR\"},{\"@type\":\"WebPage\",\"@id\":\"https:\/\/morica.brugnottogroup.it\/fr\/dealers\/#webpage\",\"url\":\"https:\/\/morica.brugnottogroup.it\/fr\/dealers\/\",\"name\":\"Dealers - Morica Design by Brugnotto Group\",\"isPartOf\":{\"@id\":\"https:\/\/morica.brugnottogroup.it\/#website\"},\"datePublished\":\"2024-09-23T15:06:40+00:00\",\"dateModified\":\"2024-11-04T09:21:21+00:00\",\"description\":\"STORE LOCATOR Dealers D\\u00e9couvrez le r\\u00e9seau de concessionnaires agr\\u00e9\\u00e9s Morica Design dans le monde entier et trouvez celui le plusproche de chez vous.Si\",\"breadcrumb\":{\"@id\":\"https:\/\/morica.brugnottogroup.it\/fr\/dealers\/#breadcrumb\"},\"inLanguage\":\"fr-FR\",\"potentialAction\":[{\"@type\":\"ReadAction\",\"target\":[\"https:\/\/morica.brugnottogroup.it\/fr\/dealers\/\"]}]},{\"@type\":\"BreadcrumbList\",\"@id\":\"https:\/\/morica.brugnottogroup.it\/fr\/dealers\/#breadcrumb\",\"itemListElement\":[{\"@type\":\"ListItem\",\"position\":1,\"name\":\"Home\",\"item\":\"https:\/\/morica.brugnottogroup.it\/fr\/\"},{\"@type\":\"ListItem\",\"position\":2,\"name\":\"Dealers\"}]}]}<\/script>\n<!-- \/ Yoast SEO plugin. -->","yoast_head_json":{"title":"Dealers - Morica Design by Brugnotto Group","description":"STORE LOCATOR Dealers D\u00e9couvrez le r\u00e9seau de concessionnaires agr\u00e9\u00e9s Morica Design dans le monde entier et trouvez celui le plusproche de chez vous.Si","robots":{"index":"index","follow":"follow","max-snippet":"max-snippet:-1","max-image-preview":"max-image-preview:large","max-video-preview":"max-video-preview:-1"},"canonical":"https:\/\/morica.brugnottogroup.it\/fr\/dealers\/","og_locale":"fr_FR","og_type":"article","og_title":"Dealers - Morica Design by Brugnotto Group","og_description":"STORE LOCATOR Dealers D\u00e9couvrez le r\u00e9seau de concessionnaires agr\u00e9\u00e9s Morica Design dans le monde entier et trouvez celui le plusproche de chez vous.Si","og_url":"https:\/\/morica.brugnottogroup.it\/fr\/dealers\/","og_site_name":"Morica Design by Brugnotto Group","article_modified_time":"2024-11-04T09:21:21+00:00","twitter_card":"summary_large_image","schema":{"@context":"https:\/\/schema.org","@graph":[{"@type":"WebSite","@id":"https:\/\/morica.brugnottogroup.it\/#website","url":"https:\/\/morica.brugnottogroup.it\/","name":"Morica Design by Brugnotto Group","description":"","potentialAction":[{"@type":"SearchAction","target":{"@type":"EntryPoint","urlTemplate":"https:\/\/morica.brugnottogroup.it\/?s={search_term_string}"},"query-input":"required name=search_term_string"}],"inLanguage":"fr-FR"},{"@type":"WebPage","@id":"https:\/\/morica.brugnottogroup.it\/fr\/dealers\/#webpage","url":"https:\/\/morica.brugnottogroup.it\/fr\/dealers\/","name":"Dealers - Morica Design by Brugnotto Group","isPartOf":{"@id":"https:\/\/morica.brugnottogroup.it\/#website"},"datePublished":"2024-09-23T15:06:40+00:00","dateModified":"2024-11-04T09:21:21+00:00","description":"STORE LOCATOR Dealers D\u00e9couvrez le r\u00e9seau de concessionnaires agr\u00e9\u00e9s Morica Design dans le monde entier et trouvez celui le plusproche de chez vous.Si","breadcrumb":{"@id":"https:\/\/morica.brugnottogroup.it\/fr\/dealers\/#breadcrumb"},"inLanguage":"fr-FR","potentialAction":[{"@type":"ReadAction","target":["https:\/\/morica.brugnottogroup.it\/fr\/dealers\/"]}]},{"@type":"BreadcrumbList","@id":"https:\/\/morica.brugnottogroup.it\/fr\/dealers\/#breadcrumb","itemListElement":[{"@type":"ListItem","position":1,"name":"Home","item":"https:\/\/morica.brugnottogroup.it\/fr\/"},{"@type":"ListItem","position":2,"name":"Dealers"}]}]}},"_links":{"self":[{"href":"https:\/\/morica.brugnottogroup.it\/fr\/wp-json\/wp\/v2\/pages\/33560"}],"collection":[{"href":"https:\/\/morica.brugnottogroup.it\/fr\/wp-json\/wp\/v2\/pages"}],"about":[{"href":"https:\/\/morica.brugnottogroup.it\/fr\/wp-json\/wp\/v2\/types\/page"}],"author":[{"embeddable":true,"href":"https:\/\/morica.brugnottogroup.it\/fr\/wp-json\/wp\/v2\/users\/2"}],"replies":[{"embeddable":true,"href":"https:\/\/morica.brugnottogroup.it\/fr\/wp-json\/wp\/v2\/comments?post=33560"}],"version-history":[{"count":7,"href":"https:\/\/morica.brugnottogroup.it\/fr\/wp-json\/wp\/v2\/pages\/33560\/revisions"}],"predecessor-version":[{"id":33567,"href":"https:\/\/morica.brugnottogroup.it\/fr\/wp-json\/wp\/v2\/pages\/33560\/revisions\/33567"}],"wp:attachment":[{"href":"https:\/\/morica.brugnottogroup.it\/fr\/wp-json\/wp\/v2\/media?parent=33560"}],"curies":[{"name":"wp","href":"https:\/\/api.w.org\/{rel}","templated":true}]}}