{"id":12296,"date":"2022-01-20T15:52:29","date_gmt":"2022-01-20T14:52:29","guid":{"rendered":"https:\/\/morica.brugnottogroup.it\/conditions-generales-de-vente\/"},"modified":"2022-07-26T15:07:06","modified_gmt":"2022-07-26T13:07:06","slug":"conditions-generales-de-vente","status":"publish","type":"page","link":"https:\/\/morica.brugnottogroup.it\/fr\/conditions-generales-de-vente\/","title":{"rendered":"Conditions g\u00e9n\u00e9rales de vente"},"content":{"rendered":"\t\t<div data-elementor-type=\"wp-page\" data-elementor-id=\"12296\" class=\"elementor elementor-12296 elementor-12270\" data-elementor-settings=\"[]\">\n\t\t\t\t\t\t<div class=\"elementor-inner\">\n\t\t\t\t\t\t\t<div class=\"elementor-section-wrap\">\n\t\t\t\t\t\t\t<section class=\"elementor-section elementor-top-section elementor-element elementor-element-e21dd8f elementor-section-boxed elementor-section-height-default elementor-section-height-default\" data-id=\"e21dd8f\" data-element_type=\"section\" data-settings=\"{&quot;_ha_eqh_enable&quot;:false}\">\n\t\t\t\t\t\t<div class=\"elementor-container elementor-column-gap-default\">\n\t\t\t\t\t\t\t<div class=\"elementor-row\">\n\t\t\t\t\t<div class=\"elementor-column elementor-col-100 elementor-top-column elementor-element elementor-element-981d38f\" data-id=\"981d38f\" data-element_type=\"column\">\n\t\t\t<div class=\"elementor-column-wrap elementor-element-populated\">\n\t\t\t\t\t\t\t<div class=\"elementor-widget-wrap\">\n\t\t\t\t\t\t<div class=\"elementor-element elementor-element-b73c1b9 elementor-widget elementor-widget-text-editor\" data-id=\"b73c1b9\" data-element_type=\"widget\" data-widget_type=\"text-editor.default\">\n\t\t\t\t<div class=\"elementor-widget-container\">\n\t\t\t\t\t\t\t\t<div class=\"elementor-text-editor elementor-clearfix\">\n\t\t\t\t\t<ol>\n<li>R\u00e9servation et achat<\/li>\n<li>Disponibilit\u00e9s et prix de vente des produits<\/li>\n<li>Moyens de paiement<\/li>\n<li>Livraison et Frais d&#8217;exp\u00e9dition<\/li>\n<li>Taxes d&#8217;importation et droits de douane<\/li>\n<li>Droit de r\u00e9tractation<\/li>\n<li>Loi applicable<\/li>\n<\/ol>\n<p><strong>1. R\u00e9servation et achat.<\/strong> Pour \u00eatre en mesure d&#8217;acheter des produits dans l&#8217;e-shop en ligne, le client doit acc\u00e9der au site sp\u00e9cifique (catalogue). Chaque produit en vente est accompagn\u00e9 d&#8217;une photo, d&#8217;une description et du prix qui varie en fonction du pays de destination.<br \/> <br \/>\nDans l&#8217;e-shop, vous pouvez s\u00e9lectionner et r\u00e9server les diff\u00e9rents produits propos\u00e9s. Il suffit d&#8217;indiquer la quantit\u00e9 et de confirmer, apr\u00e8s avoir choisi les variantes possibles.  Les produits sont plac\u00e9s dans le panier virtuel.<br \/>\nVous pouvez ajouter, supprimer ou confirmer toutes les r\u00e9servations effectu\u00e9es jusqu&#8217;\u00e0 maintenant.<br \/>\nPour confirmer la commande, le client peut proc\u00e9der de cette fa\u00e7on:<\/p>\n<p>si d\u00e9j\u00e0 enregistr\u00e9, via l&#8217;adresse e-mail et le mot de passe;<br \/>\nsi pas encore enregistr\u00e9, en proc\u00e9dant \u00e0 l&#8217;enregistrement et en indiquant toutes les donn\u00e9es requises;<br \/> <br \/>\nsans enregistrement, en fournissant les donn\u00e9es n\u00e9cessaires pour finaliser l&#8217;achat.<\/p>\n<p>L&#8217;achat ne sera consid\u00e9r\u00e9 comme conclu par Calicantus Srl que lorsque la commande sera confirm\u00e9e par email ou t\u00e9l\u00e9copie par le formulaire \u00ab Votre confirmation de commande \u00bb. La confirmation sera envoy\u00e9e au plus tard 2 jours ouvrables apr\u00e8s la r\u00e9ception de la commande.<\/p>\n<p><strong>2. La disponibilit\u00e9 et le prix de vente des produits.<\/strong> Pour chaque article, il est indiqu\u00e9 le prix de vente unitaire exprim\u00e9 en devise, TVA (taxe sur la valeur ajout\u00e9e) comprise et au net des frais d&#8217;exp\u00e9dition.<br \/> <br \/>\nLes contributions aux frais de port varient en fonction du type de livraison, de la quantit\u00e9 de produits, de leur volume, du poids et de la destination; elles seront indiqu\u00e9es au cours du processus de commande et sur le formulaire \u00ab Votre confirmation de commande \u00bb.<br \/>\nTous les produits de la boutique en ligne sont disponibles en stock. En cas d&#8217;impr\u00e9vus dus \u00e0 des retards dans la livraison, ainsi que dans le cas d&#8217;indisponibilit\u00e9 temporaire d&#8217;un ou plusieurs produits, le client sera inform\u00e9 rapidement par e-mail.<br \/>\nCalicantus S.r.l. livre dans tous les pays pr\u00e9vus lors de l&#8217;enregistrement. Cependant, il peut y avoir des cas o\u00f9 des questions douani\u00e8res emp\u00eachent la livraison des produits command\u00e9s.  Dans ce cas, le client sera inform\u00e9 par e-mail et rembours\u00e9.<\/p>\n<p><strong>3. Moyens de paiement.<\/strong> Pour payer ses achats, le client peut utiliser les m\u00e9thodes suivantes:<\/p>\n<ul>\n<li>circuit PayPal<\/li>\n<li>cartes de cr\u00e9dit disponibles dans le circuit PayPal<\/li>\n<li>virement bancaire<\/li>\n<\/ul>\n<p><\/p>\n<p>B\u00e9n\u00e9ficiaire: Calicantus S.r.l. Via L. Mazzon 30 &#8211; 30020 Quarto d\u2019Altino (Venezia), Italia<\/p>\n<p><strong>4. Livraison et Frais d&#8217;exp\u00e9dition.<\/strong> Tous les produits command\u00e9s par le client et confirm\u00e9s par Calicantus Srl seront exp\u00e9di\u00e9s par Courrier Express (national et international) \u00e0 l&#8217;adresse indiqu\u00e9e par le client pour la livraison. Pour l&#8217;exp\u00e9dition il sera demand\u00e9 une contribution aux frais indiqu\u00e9e au cours du processus de commande et sur le formulaire \u00ab Votre confirmation de commande\u00bb.<br \/>\nLes produits ne seront exp\u00e9di\u00e9s qu&#8217;apr\u00e8s paiement de la commande d\u00fbment enregistr\u00e9 et confirm\u00e9 par Calicantus S.r.l.<\/p>\n<p>A titre indicatif, les envois avec service standard (livraison du colis lourd par route avec avis t\u00e9l\u00e9phonique au destinataire \u2013 pas de d\u00e9ballage\/pas de montage\/pas de date de taxation) sont gratuits; les frais d&#8217;exp\u00e9dition avec services suppl\u00e9mentaires varient en fonction du poids\/volume et ont un co\u00fbt minimum de 75\u20ac. Morica Design By Brugnotto et son partenaire eShop Calicantus se r\u00e9servent le droit d&#8217;appliquer des conditions d&#8217;exp\u00e9dition facilit\u00e9es ou leur annulation, pour l&#8217;Italie et l&#8217;\u00e9tranger, en communiquant \u00e0 l&#8217;avance sur le site les conditions de l&#8217;offre. Les livraisons en Italie prennent environ 2-3 jours ouvrables \u00e0 compter de la date d&#8217;exp\u00e9dition, tandis qu&#8217;avec le courrier technique dans les 5-6 jours ouvrables; les produits exp\u00e9di\u00e9s au sein de l&#8217;Union europ\u00e9enne sont livr\u00e9s dans les 4 \u00e0 5 jours ouvrables suivant l&#8217;exp\u00e9dition. Les exp\u00e9ditions sont effectu\u00e9es du lundi au vendredi. Le client sera inform\u00e9 par e-mail en cas de modification des d\u00e9lais ci-dessus.<\/p>\n<p><strong>5. Taxes d&#8217;importation et droits de douane.<\/strong> Les produits vendus ne sont soumis \u00e0 aucune taxe d&#8217;importation ou droits de douane, si le produit est vendu et livr\u00e9 en Italie ou dans l&#8217;Union europ\u00e9enne.<br \/>\nDans le cas des livraisons vers des pays hors Union europ\u00e9enne, les produits peuvent \u00eatre soumis \u00e0 des taxes d&#8217;importation et \/ ou des droits de douane en fonction du type de produit et du pays de destination.  Il est impossible de pr\u00e9voir si et quels co\u00fbts doivent \u00eatre engag\u00e9s pour le d\u00e9douanement des marchandises.<br \/>\nPour plus d&#8217;informations, contacter le bureau de douane dans votre pays.<br \/> <br \/>\nDans tous les cas, les frais relatifs aux taxes \u00e0 l&#8217;importation et\/ou frais de douane seront factur\u00e9s au client.<\/p>\n<p><strong>6. Droit de r\u00e9tractation.<\/strong> Le client dispose d&#8217;un droit de r\u00e9tractation qui peut \u00eatre exerc\u00e9 sans justification, dans les 14 jours ouvrables \u00e0 compter de la date de r\u00e9ception des articles command\u00e9s.<br \/>\nLe droit de r\u00e9tractation peut \u00eatre exerc\u00e9 dans le d\u00e9lai ci-dessus, par formulaire de contact. Les frais de port pour le rendu des marchandises sont \u00e0 charge du client.  Pour que le droit de r\u00e9tractation soit exerc\u00e9, les articles doivent \u00eatre rendus intacts dans leur emballage d&#8217;origine en parfait \u00e9tat de conservation et en accord avec Calicantus S.r.l.<br \/> <br \/>\nLes marchandises doivent \u00eatre rendues assur\u00e9es en Port Franc aucun colis envoy\u00e9 COD ou en port d\u00fb ne sera retir\u00e9 par:<\/p>\n<p>Calicantus S.r.l. Via L. Mazzon 30 &#8211; 30020 Quarto d\u2019Altino (Venezia)<\/p>\n<p>Pour garantir le meilleur service, Calicantus Srl fait appel aux services de courriers express majeurs, pour un retrait en temps voulu et retour \u00e0 l&#8217;entrep\u00f4t des articles rendus.<br \/>\nLe remboursement du prix factur\u00e9 des articles rendus sera effectu\u00e9 par cr\u00e9dit sur le compte bancaire du client dans les 14 jours suivant la r\u00e9ception de l&#8217;article rendu.<br \/>\nLes articles rendus incomplets, ab\u00eem\u00e9s, endommag\u00e9s ou salis pour des raisons imputables au client ne seront pas rembours\u00e9s et ne donneront lieu en aucun cas \u00e0 la reconnaissance d&#8217;un cr\u00e9dit \u00e9gal au prix de l&#8217;article command\u00e9 \u00e0 l&#8217;origine.<br \/>\nSi la restitution d\u00e9pendait d&#8217;une erreur Calicantus Srl, les frais d&#8217;exp\u00e9dition seront \u00e0 la charge du vendeur; dans tous les autres cas, les frais d&#8217;exp\u00e9dition seront \u00e0 la charge de l&#8217;acheteur.<\/p>\n<p><strong>7. Loi applicable.<\/strong> Tous les contrats sont consid\u00e9r\u00e9s comme ex\u00e9cut\u00e9s en Italie et soumis au droit italien.<\/p>\n\t\t\t\t\t<\/div>\n\t\t\t\t\t\t<\/div>\n\t\t\t\t<\/div>\n\t\t\t\t\t\t<\/div>\n\t\t\t\t\t<\/div>\n\t\t<\/div>\n\t\t\t\t\t\t\t\t<\/div>\n\t\t\t\t\t<\/div>\n\t\t<\/section>\n\t\t\t\t\t\t<\/div>\n\t\t\t\t\t\t<\/div>\n\t\t\t\t\t<\/div>\n\t\t","protected":false},"excerpt":{"rendered":"<p>R\u00e9servation et achat Disponibilit\u00e9s et prix de vente des produits Moyens de paiement Livraison et Frais d&#8217;exp\u00e9dition Taxes d&#8217;importation et droits de douane Droit de r\u00e9tractation Loi applicable 1. R\u00e9servation et achat. Pour \u00eatre en mesure d&#8217;acheter des produits dans l&#8217;e-shop en ligne, le client doit acc\u00e9der au site sp\u00e9cifique (catalogue). Chaque produit en vente [&hellip;]<\/p>\n","protected":false},"author":2,"featured_media":0,"parent":0,"menu_order":0,"comment_status":"closed","ping_status":"closed","template":"elementor_header_footer","meta":[],"yoast_head":"<!-- This site is optimized with the Yoast SEO plugin v17.9 - https:\/\/yoast.com\/wordpress\/plugins\/seo\/ -->\n<title>Conditions g\u00e9n\u00e9rales de vente - Morica Design by Brugnotto Group<\/title>\n<meta name=\"description\" content=\"R\u00e9servation et achat Disponibilit\u00e9s et prix de vente des produits Moyens de paiement Livraison et Frais d&#039;exp\u00e9dition Taxes d&#039;importation et droits de\" \/>\n<meta name=\"robots\" content=\"index, follow, max-snippet:-1, max-image-preview:large, max-video-preview:-1\" \/>\n<link rel=\"canonical\" href=\"https:\/\/morica.brugnottogroup.it\/fr\/conditions-generales-de-vente\/\" \/>\n<meta property=\"og:locale\" content=\"fr_FR\" \/>\n<meta property=\"og:type\" content=\"article\" \/>\n<meta property=\"og:title\" content=\"Conditions g\u00e9n\u00e9rales de vente - Morica Design by Brugnotto Group\" \/>\n<meta property=\"og:description\" content=\"R\u00e9servation et achat Disponibilit\u00e9s et prix de vente des produits Moyens de paiement Livraison et Frais d&#039;exp\u00e9dition Taxes d&#039;importation et droits de\" \/>\n<meta property=\"og:url\" content=\"https:\/\/morica.brugnottogroup.it\/fr\/conditions-generales-de-vente\/\" \/>\n<meta property=\"og:site_name\" content=\"Morica Design by Brugnotto Group\" \/>\n<meta property=\"article:modified_time\" content=\"2022-07-26T13:07:06+00:00\" \/>\n<meta name=\"twitter:card\" content=\"summary_large_image\" \/>\n<meta name=\"twitter:label1\" content=\"Dur\u00e9e de lecture estim\u00e9e\" \/>\n\t<meta name=\"twitter:data1\" content=\"5 minutes\" \/>\n<script type=\"application\/ld+json\" class=\"yoast-schema-graph\">{\"@context\":\"https:\/\/schema.org\",\"@graph\":[{\"@type\":\"WebSite\",\"@id\":\"https:\/\/morica.brugnottogroup.it\/#website\",\"url\":\"https:\/\/morica.brugnottogroup.it\/\",\"name\":\"Morica Design by Brugnotto Group\",\"description\":\"\",\"potentialAction\":[{\"@type\":\"SearchAction\",\"target\":{\"@type\":\"EntryPoint\",\"urlTemplate\":\"https:\/\/morica.brugnottogroup.it\/?s={search_term_string}\"},\"query-input\":\"required name=search_term_string\"}],\"inLanguage\":\"fr-FR\"},{\"@type\":\"WebPage\",\"@id\":\"https:\/\/morica.brugnottogroup.it\/fr\/conditions-generales-de-vente\/#webpage\",\"url\":\"https:\/\/morica.brugnottogroup.it\/fr\/conditions-generales-de-vente\/\",\"name\":\"Conditions g\\u00e9n\\u00e9rales de vente - Morica Design by Brugnotto Group\",\"isPartOf\":{\"@id\":\"https:\/\/morica.brugnottogroup.it\/#website\"},\"datePublished\":\"2022-01-20T14:52:29+00:00\",\"dateModified\":\"2022-07-26T13:07:06+00:00\",\"description\":\"R\\u00e9servation et achat Disponibilit\\u00e9s et prix de vente des produits Moyens de paiement Livraison et Frais d'exp\\u00e9dition Taxes d'importation et droits de\",\"breadcrumb\":{\"@id\":\"https:\/\/morica.brugnottogroup.it\/fr\/conditions-generales-de-vente\/#breadcrumb\"},\"inLanguage\":\"fr-FR\",\"potentialAction\":[{\"@type\":\"ReadAction\",\"target\":[\"https:\/\/morica.brugnottogroup.it\/fr\/conditions-generales-de-vente\/\"]}]},{\"@type\":\"BreadcrumbList\",\"@id\":\"https:\/\/morica.brugnottogroup.it\/fr\/conditions-generales-de-vente\/#breadcrumb\",\"itemListElement\":[{\"@type\":\"ListItem\",\"position\":1,\"name\":\"Home\",\"item\":\"https:\/\/morica.brugnottogroup.it\/fr\/\"},{\"@type\":\"ListItem\",\"position\":2,\"name\":\"Conditions g\\u00e9n\\u00e9rales de vente\"}]}]}<\/script>\n<!-- \/ Yoast SEO plugin. -->","yoast_head_json":{"title":"Conditions g\u00e9n\u00e9rales de vente - Morica Design by Brugnotto Group","description":"R\u00e9servation et achat Disponibilit\u00e9s et prix de vente des produits Moyens de paiement Livraison et Frais d'exp\u00e9dition Taxes d'importation et droits de","robots":{"index":"index","follow":"follow","max-snippet":"max-snippet:-1","max-image-preview":"max-image-preview:large","max-video-preview":"max-video-preview:-1"},"canonical":"https:\/\/morica.brugnottogroup.it\/fr\/conditions-generales-de-vente\/","og_locale":"fr_FR","og_type":"article","og_title":"Conditions g\u00e9n\u00e9rales de vente - Morica Design by Brugnotto Group","og_description":"R\u00e9servation et achat Disponibilit\u00e9s et prix de vente des produits Moyens de paiement Livraison et Frais d'exp\u00e9dition Taxes d'importation et droits de","og_url":"https:\/\/morica.brugnottogroup.it\/fr\/conditions-generales-de-vente\/","og_site_name":"Morica Design by Brugnotto Group","article_modified_time":"2022-07-26T13:07:06+00:00","twitter_card":"summary_large_image","twitter_misc":{"Dur\u00e9e de lecture estim\u00e9e":"5 minutes"},"schema":{"@context":"https:\/\/schema.org","@graph":[{"@type":"WebSite","@id":"https:\/\/morica.brugnottogroup.it\/#website","url":"https:\/\/morica.brugnottogroup.it\/","name":"Morica Design by Brugnotto Group","description":"","potentialAction":[{"@type":"SearchAction","target":{"@type":"EntryPoint","urlTemplate":"https:\/\/morica.brugnottogroup.it\/?s={search_term_string}"},"query-input":"required name=search_term_string"}],"inLanguage":"fr-FR"},{"@type":"WebPage","@id":"https:\/\/morica.brugnottogroup.it\/fr\/conditions-generales-de-vente\/#webpage","url":"https:\/\/morica.brugnottogroup.it\/fr\/conditions-generales-de-vente\/","name":"Conditions g\u00e9n\u00e9rales de vente - Morica Design by Brugnotto Group","isPartOf":{"@id":"https:\/\/morica.brugnottogroup.it\/#website"},"datePublished":"2022-01-20T14:52:29+00:00","dateModified":"2022-07-26T13:07:06+00:00","description":"R\u00e9servation et achat Disponibilit\u00e9s et prix de vente des produits Moyens de paiement Livraison et Frais d'exp\u00e9dition Taxes d'importation et droits de","breadcrumb":{"@id":"https:\/\/morica.brugnottogroup.it\/fr\/conditions-generales-de-vente\/#breadcrumb"},"inLanguage":"fr-FR","potentialAction":[{"@type":"ReadAction","target":["https:\/\/morica.brugnottogroup.it\/fr\/conditions-generales-de-vente\/"]}]},{"@type":"BreadcrumbList","@id":"https:\/\/morica.brugnottogroup.it\/fr\/conditions-generales-de-vente\/#breadcrumb","itemListElement":[{"@type":"ListItem","position":1,"name":"Home","item":"https:\/\/morica.brugnottogroup.it\/fr\/"},{"@type":"ListItem","position":2,"name":"Conditions g\u00e9n\u00e9rales de vente"}]}]}},"_links":{"self":[{"href":"https:\/\/morica.brugnottogroup.it\/fr\/wp-json\/wp\/v2\/pages\/12296"}],"collection":[{"href":"https:\/\/morica.brugnottogroup.it\/fr\/wp-json\/wp\/v2\/pages"}],"about":[{"href":"https:\/\/morica.brugnottogroup.it\/fr\/wp-json\/wp\/v2\/types\/page"}],"author":[{"embeddable":true,"href":"https:\/\/morica.brugnottogroup.it\/fr\/wp-json\/wp\/v2\/users\/2"}],"replies":[{"embeddable":true,"href":"https:\/\/morica.brugnottogroup.it\/fr\/wp-json\/wp\/v2\/comments?post=12296"}],"version-history":[{"count":10,"href":"https:\/\/morica.brugnottogroup.it\/fr\/wp-json\/wp\/v2\/pages\/12296\/revisions"}],"predecessor-version":[{"id":14598,"href":"https:\/\/morica.brugnottogroup.it\/fr\/wp-json\/wp\/v2\/pages\/12296\/revisions\/14598"}],"wp:attachment":[{"href":"https:\/\/morica.brugnottogroup.it\/fr\/wp-json\/wp\/v2\/media?parent=12296"}],"curies":[{"name":"wp","href":"https:\/\/api.w.org\/{rel}","templated":true}]}}